{"id":395,"date":"2024-02-12T23:09:49","date_gmt":"2024-02-12T22:09:49","guid":{"rendered":"https:\/\/aal-affiliate-disclosure-page"},"modified":"2025-01-03T18:06:40","modified_gmt":"2025-01-03T17:06:40","slug":"descargo-de-responsabilidad-de-afiliados","status":"publish","type":"page","link":"https:\/\/descuentinos.com\/index.php\/descargo-de-responsabilidad-de-afiliados\/","title":{"rendered":"Descargo de responsabilidad de Afiliados"},"content":{"rendered":"\n<p>Nuestra p\u00e1gina web participa en el Programa de Afiliados de Amazon Services LLC, un programa de publicidad de afiliados dise\u00f1ado para proporcionar a los sitios web un medio para obtener comisiones publicitarias mediante la publicidad y el enlace a Amazon.es y sitios web afiliados.<\/p>\n\n\n\n<p>Es importante destacar que los productos y servicios promocionados en nuestra p\u00e1gina web a trav\u00e9s de enlaces de afiliados de Amazon son proporcionados por terceros y no son controlados ni respaldados por nosotros. No asumimos ninguna responsabilidad por las acciones, productos o servicios de estos terceros. Por lo tanto, recomendamos que lea atentamente las pol\u00edticas de privacidad y t\u00e9rminos de uso de cualquier sitio web de terceros que visite a trav\u00e9s de nuestra p\u00e1gina web.<\/p>\n\n\n\n<p>Adem\u00e1s, como participante en el Programa de Afiliados de Amazon Services LLC, recibimos una compensaci\u00f3n por cada compra que se realiza a trav\u00e9s de nuestros enlaces de afiliados de Amazon. Esta compensaci\u00f3n no afecta de ninguna manera a nuestra selecci\u00f3n de productos o recomendaciones, y no aumenta el precio que usted paga por el producto.<\/p>\n\n\n\n<p>En resumen, nuestra p\u00e1gina web participa en el Programa de Afiliados de Amazon Services LLC para obtener comisiones publicitarias mediante la publicidad y el enlace a Amazon.com y sitios web afiliados. No asumimos ninguna responsabilidad por las acciones, productos o servicios de terceros proporcionados a trav\u00e9s de enlaces de afiliados de Amazon, y le recomendamos que lea atentamente las pol\u00edticas de privacidad y t\u00e9rminos de uso de cualquier sitio web de terceros que visite a trav\u00e9s de nuestra p\u00e1gina web.<\/p>\n","protected":false},"excerpt":{"rendered":"<p>Nuestra p\u00e1gina web participa en el Programa de Afiliados de Amazon Services LLC, un programa de publicidad de afiliados dise\u00f1ado para proporcionar a los sitios web un medio para obtener comisiones publicitarias mediante la publicidad y el enlace a Amazon.es y sitios web afiliados. Es importante destacar que los productos y servicios promocionados en nuestra [&hellip;]<\/p>\n","protected":false},"author":1,"featured_media":0,"parent":0,"menu_order":0,"comment_status":"closed","ping_status":"closed","template":"","meta":{"footnotes":""},"class_list":["post-395","page","type-page","status-publish","hentry"],"blocksy_meta":[],"aioseo_notices":[],"_links":{"self":[{"href":"https:\/\/descuentinos.com\/index.php\/wp-json\/wp\/v2\/pages\/395","targetHints":{"allow":["GET"]}}],"collection":[{"href":"https:\/\/descuentinos.com\/index.php\/wp-json\/wp\/v2\/pages"}],"about":[{"href":"https:\/\/descuentinos.com\/index.php\/wp-json\/wp\/v2\/types\/page"}],"author":[{"embeddable":true,"href":"https:\/\/descuentinos.com\/index.php\/wp-json\/wp\/v2\/users\/1"}],"replies":[{"embeddable":true,"href":"https:\/\/descuentinos.com\/index.php\/wp-json\/wp\/v2\/comments?post=395"}],"version-history":[{"count":1,"href":"https:\/\/descuentinos.com\/index.php\/wp-json\/wp\/v2\/pages\/395\/revisions"}],"predecessor-version":[{"id":11065,"href":"https:\/\/descuentinos.com\/index.php\/wp-json\/wp\/v2\/pages\/395\/revisions\/11065"}],"wp:attachment":[{"href":"https:\/\/descuentinos.com\/index.php\/wp-json\/wp\/v2\/media?parent=395"}],"curies":[{"name":"wp","href":"https:\/\/api.w.org\/{rel}","templated":true}]}}