{"id":27,"date":"2024-02-04T18:57:31","date_gmt":"2024-02-04T17:57:31","guid":{"rendered":"https:\/\/descuentinos.com\/?page_id=27"},"modified":"2024-02-06T23:08:38","modified_gmt":"2024-02-06T22:08:38","slug":"aviso-legal","status":"publish","type":"page","link":"https:\/\/descuentinos.com\/index.php\/aviso-legal\/","title":{"rendered":"Aviso Legal"},"content":{"rendered":"\n<h2 class=\"wp-block-heading\">Informaci\u00f3n del Titular del Sitio Web<\/h2>\n\n\n\n<figure class=\"wp-block-image size-full\"><img loading=\"lazy\" decoding=\"async\" width=\"454\" height=\"64\" src=\"https:\/\/descuentinos.com\/wp-content\/uploads\/2024\/02\/image.png\" alt=\"\" class=\"wp-image-39\" srcset=\"https:\/\/descuentinos.com\/wp-content\/uploads\/2024\/02\/image.png 454w, https:\/\/descuentinos.com\/wp-content\/uploads\/2024\/02\/image-300x42.png 300w\" sizes=\"auto, (max-width: 454px) 100vw, 454px\" \/><\/figure>\n\n\n\n<h2 class=\"wp-block-heading\">Condiciones de Uso<\/h2>\n\n\n\n<p>Al acceder y utilizar este sitio web, aceptas cumplir con los t\u00e9rminos y condiciones de uso establecidos en este aviso legal. Si no est\u00e1s de acuerdo con estos t\u00e9rminos, te recomendamos que no utilices este sitio web.<\/p>\n\n\n\n<h2 class=\"wp-block-heading\">Propiedad Intelectual<\/h2>\n\n\n\n<p>Todos los contenidos de este sitio web, incluyendo textos, im\u00e1genes, logotipos, v\u00eddeos y cualquier otro material, est\u00e1n protegidos por derechos de propiedad intelectual y son propiedad del titular del sitio web o se utilizan con permiso. Queda prohibida la reproducci\u00f3n, distribuci\u00f3n o modificaci\u00f3n de estos contenidos sin el consentimiento expreso del titular.<\/p>\n\n\n\n<h2 class=\"wp-block-heading\">Pol\u00edtica de Privacidad<\/h2>\n\n\n\n<p>Para obtener informaci\u00f3n sobre c\u00f3mo se recopila, utiliza y protege la informaci\u00f3n personal, consulta nuestra <a href=\"https:\/\/descuentinos.com\/index.php\/politica-de-privacidad\/\" rel=\"nofollow\" title=\"Pol\u00edtica de Privacidad\">Pol\u00edtica de Privacidad.<\/a><\/p>\n\n\n\n<h2 class=\"wp-block-heading\">Enlaces a Terceros<\/h2>\n\n\n\n<p>Este sitio web puede contener enlaces a sitios de terceros. No tenemos control sobre el contenido o las pol\u00edticas de privacidad de estos sitios y no asumimos responsabilidad alguna por ellos.<\/p>\n\n\n\n<h2 class=\"wp-block-heading\">Exclusi\u00f3n de Responsabilidad<\/h2>\n\n\n\n<p>El titular del sitio web no se hace responsable de los da\u00f1os o perjuicios que puedan derivarse del uso de este sitio web o de la informaci\u00f3n contenida en \u00e9l.<\/p>\n\n\n\n<h2 class=\"wp-block-heading\">Modificaciones<\/h2>\n\n\n\n<p>El titular del sitio web se reserva el derecho de modificar, actualizar o eliminar cualquier parte de este aviso legal en cualquier momento y sin previo aviso. Se recomienda revisar esta p\u00e1gina regularmente para estar al tanto de cualquier cambio.<\/p>\n\n\n\n<h2 class=\"wp-block-heading\">Legislaci\u00f3n Aplicable<\/h2>\n\n\n\n<p>Este aviso legal se rige por las leyes de Espa\u00f1a. Cualquier disputa que surja en relaci\u00f3n con este aviso legal estar\u00e1 sujeta a la jurisdicci\u00f3n exclusiva de los tribunales de Catalu\u00f1a].<\/p>\n\n\n\n<p>Fecha de la \u00faltima actualizaci\u00f3n: 06\/02\/2024<\/p>\n\n\n\n<hr class=\"wp-block-separator has-alpha-channel-opacity\"\/>\n\n\n\n<p>Recuerda personalizar la informaci\u00f3n seg\u00fan tus circunstancias y buscar asesoramiento legal si es necesario.<\/p>\n","protected":false},"excerpt":{"rendered":"<p>Informaci\u00f3n del Titular del Sitio Web Condiciones de Uso Al acceder y utilizar este sitio web, aceptas cumplir con los t\u00e9rminos y condiciones de uso establecidos en este aviso legal. Si no est\u00e1s de acuerdo con estos t\u00e9rminos, te recomendamos que no utilices este sitio web. Propiedad Intelectual Todos los contenidos de este sitio web, [&hellip;]<\/p>\n","protected":false},"author":1,"featured_media":0,"parent":0,"menu_order":0,"comment_status":"closed","ping_status":"closed","template":"","meta":{"footnotes":""},"class_list":["post-27","page","type-page","status-publish","hentry"],"blocksy_meta":[],"aioseo_notices":[],"_links":{"self":[{"href":"https:\/\/descuentinos.com\/index.php\/wp-json\/wp\/v2\/pages\/27","targetHints":{"allow":["GET"]}}],"collection":[{"href":"https:\/\/descuentinos.com\/index.php\/wp-json\/wp\/v2\/pages"}],"about":[{"href":"https:\/\/descuentinos.com\/index.php\/wp-json\/wp\/v2\/types\/page"}],"author":[{"embeddable":true,"href":"https:\/\/descuentinos.com\/index.php\/wp-json\/wp\/v2\/users\/1"}],"replies":[{"embeddable":true,"href":"https:\/\/descuentinos.com\/index.php\/wp-json\/wp\/v2\/comments?post=27"}],"version-history":[{"count":0,"href":"https:\/\/descuentinos.com\/index.php\/wp-json\/wp\/v2\/pages\/27\/revisions"}],"wp:attachment":[{"href":"https:\/\/descuentinos.com\/index.php\/wp-json\/wp\/v2\/media?parent=27"}],"curies":[{"name":"wp","href":"https:\/\/api.w.org\/{rel}","templated":true}]}}